{"id":2,"date":"2023-01-21T15:59:15","date_gmt":"2023-01-21T15:59:15","guid":{"rendered":"https:\/\/gelre-planontwikkeling.nl\/?page_id=2"},"modified":"2024-11-01T14:02:25","modified_gmt":"2024-11-01T14:02:25","slug":"gelre-planontwikkeling","status":"publish","type":"page","link":"https:\/\/gelre-planontwikkeling.nl\/gelre-planontwikkeling.nl\/gelre-planontwikkeling\/","title":{"rendered":"Gelre Planontwikkeling"},"content":{"rendered":"\n\n\t<p>Welkom bij Gelre Planontwikkeling, uw partner in binnenstedelijke planontwikkeling, gebiedsontwikkeling en projectontwikkeling. Wij staan voor innovatieve en duurzame oplossingen die inspelen op de behoeften van onze opdrachtgevers en de gemeenschap.<\/p>\n<p>&nbsp;<\/p>\n<p>Binnenstedelijke Planontwikkeling<\/p>\n<p>Gelre Planontwikkeling begrijpt de unieke uitdagingen en kansen die binnenstedelijke gebieden bieden. Met nauwkeurige samenwerking met stakeholders worden levensvatbare en veerkrachtige stedelijke plannen gecre\u00eberd. Door het benutten van bestaande infrastructuur en het integreren van moderne stedelijke concepten, dragen we bij aan de revitalisering van stedelijke gebieden, waarbij leefbaarheid en duurzaamheid centraal staan.<\/p>\n<p>&nbsp;<\/p>\n<p>Gebiedsontwikkeling<\/p>\n<p>Gebiedsontwikkeling vereist een holistische aanpak waarbij meerdere disciplines samenkomen. Gelre Planontwikkeling biedt een integrale aanpak waarbij rekening wordt gehouden met ecologische, sociale en economische aspecten. De doelstelling is om gebieden te transformeren tot dynamische en aantrekkelijke omgevingen waar mensen graag wonen, werken en recre\u00ebren. Daarbij hechten we veel waarde aan participatie, waarbij de gemeenschap actief wordt betrokken om samen tot de beste oplossingen te komen.<\/p>\n<p>&nbsp;<\/p>\n<p>Projectontwikkeling<\/p>\n<p>Van concept tot realisatie, Gelre Planontwikkeling begeleidt u door elke fase van het projectontwikkelingsproces. Naadloze co\u00f6rdinatie en uitvoering, waarbij kwaliteit en effici\u00ebntie voorop staan, wordt gewaarborgd. Diverse projecten, vari\u00ebrend van woningbouw tot commerci\u00eble en gemengde ontwikkelingen, worden ontwikkeld met een streven naar het hoogst haalbare resultaat voor onze klanten. Dankzij een participatieve aanpak, waarbij bewoners en belanghebbenden vanaf het begin worden betrokken, wordt draagvlak gecre\u00eberd en worden projecten gerealiseerd die aansluiten bij de wensen en behoeften van de gemeenschap.<\/p>\n<p>&nbsp;<\/p>\n<p>Bij Gelre Planontwikkeling is er geloof in een toekomst waarin stedelijke en landelijke gebieden harmonieus samenkomen. De passie voor planontwikkeling drijft ons om unieke en duurzame projecten te realiseren die bijdragen aan de groei en het welzijn van de gemeenschap.<\/p>\n<p>&nbsp;<\/p>\n<p>Neem contact op en ontdek hoe wij uw visie tot leven kunnen brengen. Gelre Planontwikkeling &#8211; bouwen aan een betere toekomst, samen.<\/p>\n\t<p>https:\/\/www.linkedin.com\/in\/henk-van-veldhuisen-b2b60b12<\/p>\n<p>Deze site is nog in ontwikkeling.<\/p>\n<p>Voor vragen mail naar <a href=\"mailto:info@gelre-planontwikkeling.nl\">info@gelre-planontwikkeling.nl<\/a><\/p>\n\n","protected":false},"excerpt":{"rendered":"<p>Welkom bij Gelre Planontwikkeling, uw partner in binnenstedelijke planontwikkeling, gebiedsontwikkeling en projectontwikkeling. Wij staan voor innovatieve en duurzame oplossingen die inspelen op de behoeften van onze opdrachtgevers en de gemeenschap. &nbsp; Binnenstedelijke Planontwikkeling Gelre Planontwikkeling begrijpt de unieke uitdagingen en kansen die binnenstedelijke gebieden bieden. Met nauwkeurige samenwerking met stakeholders worden levensvatbare en veerkrachtige stedelijke [&hellip;]<\/p>\n","protected":false},"author":1,"featured_media":0,"parent":0,"menu_order":0,"comment_status":"closed","ping_status":"open","template":"","meta":{"footnotes":""},"class_list":["post-2","page","type-page","status-publish","hentry"],"_links":{"self":[{"href":"https:\/\/gelre-planontwikkeling.nl\/gelre-planontwikkeling.nl\/gelre-planontwikkeling\/wp-json\/wp\/v2\/pages\/2","targetHints":{"allow":["GET"]}}],"collection":[{"href":"https:\/\/gelre-planontwikkeling.nl\/gelre-planontwikkeling.nl\/gelre-planontwikkeling\/wp-json\/wp\/v2\/pages"}],"about":[{"href":"https:\/\/gelre-planontwikkeling.nl\/gelre-planontwikkeling.nl\/gelre-planontwikkeling\/wp-json\/wp\/v2\/types\/page"}],"author":[{"embeddable":true,"href":"https:\/\/gelre-planontwikkeling.nl\/gelre-planontwikkeling.nl\/gelre-planontwikkeling\/wp-json\/wp\/v2\/users\/1"}],"replies":[{"embeddable":true,"href":"https:\/\/gelre-planontwikkeling.nl\/gelre-planontwikkeling.nl\/gelre-planontwikkeling\/wp-json\/wp\/v2\/comments?post=2"}],"version-history":[{"count":7,"href":"https:\/\/gelre-planontwikkeling.nl\/gelre-planontwikkeling.nl\/gelre-planontwikkeling\/wp-json\/wp\/v2\/pages\/2\/revisions"}],"predecessor-version":[{"id":32,"href":"https:\/\/gelre-planontwikkeling.nl\/gelre-planontwikkeling.nl\/gelre-planontwikkeling\/wp-json\/wp\/v2\/pages\/2\/revisions\/32"}],"wp:attachment":[{"href":"https:\/\/gelre-planontwikkeling.nl\/gelre-planontwikkeling.nl\/gelre-planontwikkeling\/wp-json\/wp\/v2\/media?parent=2"}],"curies":[{"name":"wp","href":"https:\/\/api.w.org\/{rel}","templated":true}]}}